  {"id":12505,"date":"2024-09-30T11:06:31","date_gmt":"2024-09-30T09:06:31","guid":{"rendered":"https:\/\/bss.uni.opole.pl\/director\/"},"modified":"2026-05-05T12:16:22","modified_gmt":"2026-05-05T10:16:22","slug":"director","status":"publish","type":"page","link":"https:\/\/bss.uni.opole.pl\/en\/director\/","title":{"rendered":"Director"},"content":{"rendered":"\t\t<div data-elementor-type=\"wp-page\" data-elementor-id=\"12505\" class=\"elementor elementor-12505 elementor-5550\" data-elementor-post-type=\"page\">\n\t\t\t\t<div class=\"elementor-element elementor-element-1e3497b7 e-flex e-con-boxed e-con e-parent\" data-id=\"1e3497b7\" data-element_type=\"container\" data-e-type=\"container\" data-settings=\"{&quot;jet_parallax_layout_list&quot;:[]}\">\n\t\t\t\t\t<div class=\"e-con-inner\">\n\t\t\t\t<div class=\"elementor-element elementor-element-ccbdbb5 elementor-widget elementor-widget-heading\" data-id=\"ccbdbb5\" data-element_type=\"widget\" data-e-type=\"widget\" data-widget_type=\"heading.default\">\n\t\t\t\t<div class=\"elementor-widget-container\">\n\t\t\t\t\t<h1 class=\"elementor-heading-title elementor-size-default\">Director<\/h1>\t\t\t\t<\/div>\n\t\t\t\t<\/div>\n\t\t\t\t\t<\/div>\n\t\t\t\t<\/div>\n\t\t<div class=\"elementor-element elementor-element-1969b265 e-flex e-con-boxed e-con e-parent\" data-id=\"1969b265\" data-element_type=\"container\" data-e-type=\"container\" data-settings=\"{&quot;jet_parallax_layout_list&quot;:[]}\">\n\t\t\t\t\t<div class=\"e-con-inner\">\n\t\t<div class=\"elementor-element elementor-element-315eef7 e-flex e-con-boxed e-con e-child\" data-id=\"315eef7\" data-element_type=\"container\" data-e-type=\"container\" data-settings=\"{&quot;background_background&quot;:&quot;classic&quot;,&quot;jet_parallax_layout_list&quot;:[]}\">\n\t\t\t\t\t<div class=\"e-con-inner\">\n\t\t<div class=\"elementor-element elementor-element-68dc7d54 e-con-full e-flex e-con e-child\" data-id=\"68dc7d54\" data-element_type=\"container\" data-e-type=\"container\" data-settings=\"{&quot;jet_parallax_layout_list&quot;:[],&quot;background_background&quot;:&quot;classic&quot;}\">\n\t\t\t\t<div class=\"elementor-element elementor-element-178ba380 elementor-widget elementor-widget-image\" data-id=\"178ba380\" data-element_type=\"widget\" data-e-type=\"widget\" data-widget_type=\"image.default\">\n\t\t\t\t<div class=\"elementor-widget-container\">\n\t\t\t\t\t\t\t\t\t\t\t\t\t\t\t<img fetchpriority=\"high\" decoding=\"async\" src=\"https:\/\/bss.uni.opole.pl\/wp-content\/uploads\/sites\/112\/elementor\/thumbs\/no-face-photo-qrhgdj9gmq0w6f8107oe7bdns9aqtznrry6k2gopfc.png\" alt=\"no-face-photo.png\" title=\"no-face-photo.png\" width=\"300\" height=\"300\" \/>\t\t\t\t\t\t\t\t\t\t\t\t\t\t\t<\/div>\n\t\t\t\t<\/div>\n\t\t\t\t<\/div>\n\t\t<div class=\"elementor-element elementor-element-5df47bdd e-con-full e-flex e-con e-child\" data-id=\"5df47bdd\" data-element_type=\"container\" data-e-type=\"container\" data-settings=\"{&quot;jet_parallax_layout_list&quot;:[]}\">\n\t\t\t\t<div class=\"elementor-element elementor-element-4073a997 elementor-widget elementor-widget-text-editor\" data-id=\"4073a997\" data-element_type=\"widget\" data-e-type=\"widget\" data-widget_type=\"text-editor.default\">\n\t\t\t\t<div class=\"elementor-widget-container\">\n\t\t\t\t\t\t\t\t\t<p>Dorota Za\u0142\u0119\u017cna<\/p>\n\t\t\t\t\t\t\t\t<\/div>\n\t\t\t\t<\/div>\n\t\t\t\t<div class=\"elementor-element elementor-element-41da944e elementor-widget elementor-widget-text-editor\" data-id=\"41da944e\" data-element_type=\"widget\" data-e-type=\"widget\" data-widget_type=\"text-editor.default\">\n\t\t\t\t<div class=\"elementor-widget-container\">\n\t\t\t\t\t\t\t\t\t<p>Director<\/p>\n\t\t\t\t\t\t\t\t<\/div>\n\t\t\t\t<\/div>\n\t\t<div class=\"elementor-element elementor-element-577033 e-con-full e-flex e-con e-child\" data-id=\"577033\" data-element_type=\"container\" data-e-type=\"container\" data-settings=\"{&quot;jet_parallax_layout_list&quot;:[]}\">\n\t\t<div class=\"elementor-element elementor-element-41cf2149 e-con-full e-flex e-con e-child\" data-id=\"41cf2149\" data-element_type=\"container\" data-e-type=\"container\" data-settings=\"{&quot;position&quot;:&quot;absolute&quot;,&quot;jet_parallax_layout_list&quot;:[]}\">\n\t\t\t\t<div class=\"elementor-element elementor-element-2603a34e elementor-widget elementor-widget-text-editor\" data-id=\"2603a34e\" data-element_type=\"widget\" data-e-type=\"widget\" data-widget_type=\"text-editor.default\">\n\t\t\t\t<div class=\"elementor-widget-container\">\n\t\t\t\t\t\t\t\t\t<p><img decoding=\"async\" class=\"alignnone wp-image-4924\" src=\"https:\/\/instytut-dev.uni.opole.pl\/wp-content\/uploads\/sites\/7\/icon-phone.svg\" alt=\"\" width=\"18\" height=\"18\" \/> \u00a0 +48 77 442 35 1 2<br \/><img decoding=\"async\" class=\"alignnone wp-image-4922\" src=\"https:\/\/instytut-dev.uni.opole.pl\/wp-content\/uploads\/sites\/7\/icon-email.svg\" alt=\"\" width=\"18\" height=\"13\" \/> \u00a0 <a href=\"mailto:dorota.zalezna@uni.opole.pl\">dorota.zalezna@uni.opole.pl<\/a><\/p>\n<p><img loading=\"lazy\" decoding=\"async\" class=\"alignnone wp-image-4929\" src=\"https:\/\/instytut-dev.uni.opole.pl\/wp-content\/uploads\/sites\/7\/icon-home.svg\" alt=\"\" width=\"18\" height=\"16\" \/> \u00a0 Opole, 68 Katowicka St., room 108<\/p>\n\t\t\t\t\t\t\t\t<\/div>\n\t\t\t\t<\/div>\n\t\t\t\t<\/div>\n\t\t\t\t<\/div>\n\t\t\t\t<\/div>\n\t\t<div class=\"elementor-element elementor-element-5926150c e-con-full e-flex e-con e-child\" data-id=\"5926150c\" data-element_type=\"container\" data-e-type=\"container\" data-settings=\"{&quot;jet_parallax_layout_list&quot;:[],&quot;background_background&quot;:&quot;classic&quot;}\">\n\t\t<div class=\"elementor-element elementor-element-eab971e e-con-full e-flex e-con e-child\" data-id=\"eab971e\" data-element_type=\"container\" data-e-type=\"container\" data-settings=\"{&quot;background_background&quot;:&quot;classic&quot;,&quot;jet_parallax_layout_list&quot;:[]}\">\n\t\t\t\t<div class=\"elementor-element elementor-element-5fdb6789 elementor-widget elementor-widget-text-editor\" data-id=\"5fdb6789\" data-element_type=\"widget\" data-e-type=\"widget\" data-widget_type=\"text-editor.default\">\n\t\t\t\t<div class=\"elementor-widget-container\">\n\t\t\t\t\t\t\t\t\t<p><strong><img loading=\"lazy\" decoding=\"async\" class=\"alignnone wp-image-5147\" src=\"https:\/\/instytut-dev.uni.opole.pl\/wp-content\/uploads\/sites\/7\/icon-clock.svg\" alt=\"\" width=\"13\" height=\"13\" \/>\u00a0 Office hours<\/strong><\/p>\n\t\t\t\t\t\t\t\t<\/div>\n\t\t\t\t<\/div>\n\t\t<div class=\"elementor-element elementor-element-18ae446 e-grid e-con-boxed e-con e-child\" data-id=\"18ae446\" data-element_type=\"container\" data-e-type=\"container\" data-settings=\"{&quot;jet_parallax_layout_list&quot;:[]}\">\n\t\t\t\t\t<div class=\"e-con-inner\">\n\t\t\t\t<div class=\"elementor-element elementor-element-7fc543ae elementor-widget elementor-widget-text-editor\" data-id=\"7fc543ae\" data-element_type=\"widget\" data-e-type=\"widget\" data-widget_type=\"text-editor.default\">\n\t\t\t\t<div class=\"elementor-widget-container\">\n\t\t\t\t\t\t\t\t\t<p><strong>Monday<\/strong><\/p>\n\t\t\t\t\t\t\t\t<\/div>\n\t\t\t\t<\/div>\n\t\t\t\t<div class=\"elementor-element elementor-element-7d85c5d7 elementor-widget elementor-widget-text-editor\" data-id=\"7d85c5d7\" data-element_type=\"widget\" data-e-type=\"widget\" data-widget_type=\"text-editor.default\">\n\t\t\t\t<div class=\"elementor-widget-container\">\n\t\t\t\t\t\t\t\t\t<p>7:30 &#8211; 15:30<\/p>\n\t\t\t\t\t\t\t\t<\/div>\n\t\t\t\t<\/div>\n\t\t\t\t<div class=\"elementor-element elementor-element-405e8dd9 elementor-widget elementor-widget-text-editor\" data-id=\"405e8dd9\" data-element_type=\"widget\" data-e-type=\"widget\" data-widget_type=\"text-editor.default\">\n\t\t\t\t<div class=\"elementor-widget-container\">\n\t\t\t\t\t\t\t\t\t<p><strong>Tuesday\u00a0<\/strong><\/p>\n\t\t\t\t\t\t\t\t<\/div>\n\t\t\t\t<\/div>\n\t\t\t\t<div class=\"elementor-element elementor-element-73a7927 elementor-widget elementor-widget-text-editor\" data-id=\"73a7927\" data-element_type=\"widget\" data-e-type=\"widget\" data-widget_type=\"text-editor.default\">\n\t\t\t\t<div class=\"elementor-widget-container\">\n\t\t\t\t\t\t\t\t\t<p>7:30 &#8211; 15:30<\/p>\n\t\t\t\t\t\t\t\t<\/div>\n\t\t\t\t<\/div>\n\t\t\t\t<div class=\"elementor-element elementor-element-792d0876 elementor-widget elementor-widget-text-editor\" data-id=\"792d0876\" data-element_type=\"widget\" data-e-type=\"widget\" data-widget_type=\"text-editor.default\">\n\t\t\t\t<div class=\"elementor-widget-container\">\n\t\t\t\t\t\t\t\t\t<p><strong>Wednesday<\/strong><\/p>\n\t\t\t\t\t\t\t\t<\/div>\n\t\t\t\t<\/div>\n\t\t\t\t<div class=\"elementor-element elementor-element-2bcbd5da elementor-widget elementor-widget-text-editor\" data-id=\"2bcbd5da\" data-element_type=\"widget\" data-e-type=\"widget\" data-widget_type=\"text-editor.default\">\n\t\t\t\t<div class=\"elementor-widget-container\">\n\t\t\t\t\t\t\t\t\t<p>7:30 &#8211; 15:30<\/p>\n\t\t\t\t\t\t\t\t<\/div>\n\t\t\t\t<\/div>\n\t\t\t\t<div class=\"elementor-element elementor-element-3b87678c elementor-widget elementor-widget-text-editor\" data-id=\"3b87678c\" data-element_type=\"widget\" data-e-type=\"widget\" data-widget_type=\"text-editor.default\">\n\t\t\t\t<div class=\"elementor-widget-container\">\n\t\t\t\t\t\t\t\t\t<p><strong>Thursday<\/strong><\/p>\n\t\t\t\t\t\t\t\t<\/div>\n\t\t\t\t<\/div>\n\t\t\t\t<div class=\"elementor-element elementor-element-1b6c611a elementor-widget elementor-widget-text-editor\" data-id=\"1b6c611a\" data-element_type=\"widget\" data-e-type=\"widget\" data-widget_type=\"text-editor.default\">\n\t\t\t\t<div class=\"elementor-widget-container\">\n\t\t\t\t\t\t\t\t\t<p>7:30 &#8211; 15:30<\/p>\n\t\t\t\t\t\t\t\t<\/div>\n\t\t\t\t<\/div>\n\t\t\t\t<div class=\"elementor-element elementor-element-68a87624 elementor-widget elementor-widget-text-editor\" data-id=\"68a87624\" data-element_type=\"widget\" data-e-type=\"widget\" data-widget_type=\"text-editor.default\">\n\t\t\t\t<div class=\"elementor-widget-container\">\n\t\t\t\t\t\t\t\t\t<p><strong>Friday<\/strong><\/p>\n\t\t\t\t\t\t\t\t<\/div>\n\t\t\t\t<\/div>\n\t\t\t\t<div class=\"elementor-element elementor-element-62bfb401 elementor-widget elementor-widget-text-editor\" data-id=\"62bfb401\" data-element_type=\"widget\" data-e-type=\"widget\" data-widget_type=\"text-editor.default\">\n\t\t\t\t<div class=\"elementor-widget-container\">\n\t\t\t\t\t\t\t\t\t<p>7:30 &#8211; 15:30<\/p>\n\t\t\t\t\t\t\t\t<\/div>\n\t\t\t\t<\/div>\n\t\t\t\t\t<\/div>\n\t\t\t\t<\/div>\n\t\t\t\t<\/div>\n\t\t\t\t<\/div>\n\t\t\t\t\t<\/div>\n\t\t\t\t<\/div>\n\t\t\t\t\t<\/div>\n\t\t\t\t<\/div>\n\t\t\t\t<\/div>\n\t\t","protected":false},"excerpt":{"rendered":"<p>Director Dorota Za\u0142\u0119\u017cna Director \u00a0 +48 77 442 35 1 2 \u00a0 dorota.zalezna@uni.opole.pl \u00a0 Opole, 68 Katowicka St., room 108 \u00a0 Office hours Monday 7:30 &#8211; 15:30 Tuesday\u00a0 7:30 &#8211; 15:30 Wednesday 7:30 &#8211; 15:30 Thursday 7:30 &#8211; 15:30 Friday 7:30 &#8211; 15:30<\/p>\n","protected":false},"author":158,"featured_media":0,"parent":0,"menu_order":0,"comment_status":"closed","ping_status":"closed","template":"","meta":{"footnotes":""},"class_list":["post-12505","page","type-page","status-publish","hentry"],"_links":{"self":[{"href":"https:\/\/bss.uni.opole.pl\/en\/wp-json\/wp\/v2\/pages\/12505","targetHints":{"allow":["GET"]}}],"collection":[{"href":"https:\/\/bss.uni.opole.pl\/en\/wp-json\/wp\/v2\/pages"}],"about":[{"href":"https:\/\/bss.uni.opole.pl\/en\/wp-json\/wp\/v2\/types\/page"}],"author":[{"embeddable":true,"href":"https:\/\/bss.uni.opole.pl\/en\/wp-json\/wp\/v2\/users\/158"}],"replies":[{"embeddable":true,"href":"https:\/\/bss.uni.opole.pl\/en\/wp-json\/wp\/v2\/comments?post=12505"}],"version-history":[{"count":3,"href":"https:\/\/bss.uni.opole.pl\/en\/wp-json\/wp\/v2\/pages\/12505\/revisions"}],"predecessor-version":[{"id":12508,"href":"https:\/\/bss.uni.opole.pl\/en\/wp-json\/wp\/v2\/pages\/12505\/revisions\/12508"}],"wp:attachment":[{"href":"https:\/\/bss.uni.opole.pl\/en\/wp-json\/wp\/v2\/media?parent=12505"}],"curies":[{"name":"wp","href":"https:\/\/api.w.org\/{rel}","templated":true}]}}